{"id":19772,"date":"2024-02-20T15:18:03","date_gmt":"2024-02-20T14:18:03","guid":{"rendered":"https:\/\/www.amt3.it\/regolamento-auto-parcheggio-centro\/"},"modified":"2024-08-05T08:15:46","modified_gmt":"2024-08-05T07:15:46","slug":"pkw-regelung-fuer-parkplatz-centro","status":"publish","type":"page","link":"https:\/\/www.amt3.it\/de\/pkw-regelung-fuer-parkplatz-centro\/","title":{"rendered":"Pkw-Regelung f\u00fcr Parkplatz Centro"},"content":{"rendered":"<div class=\"fusion-fullwidth fullwidth-box fusion-builder-row-1 fusion-flex-container has-pattern-background has-mask-background nonhundred-percent-fullwidth non-hundred-percent-height-scrolling\" style=\"--awb-border-radius-top-left:0px;--awb-border-radius-top-right:0px;--awb-border-radius-bottom-right:0px;--awb-border-radius-bottom-left:0px;--awb-margin-top-small:20px;--awb-flex-wrap:wrap;\" ><div class=\"fusion-builder-row fusion-row fusion-flex-align-items-flex-start fusion-flex-content-wrap\" style=\"max-width:1248px;margin-left: calc(-4% \/ 2 );margin-right: calc(-4% \/ 2 );\"><div class=\"fusion-layout-column fusion_builder_column fusion-builder-column-0 fusion_builder_column_1_1 1_1 fusion-flex-column\" style=\"--awb-bg-size:cover;--awb-width-large:100%;--awb-margin-top-large:0px;--awb-spacing-right-large:1.92%;--awb-margin-bottom-large:20px;--awb-spacing-left-large:1.92%;--awb-width-medium:100%;--awb-order-medium:0;--awb-spacing-right-medium:1.92%;--awb-spacing-left-medium:1.92%;--awb-width-small:100%;--awb-order-small:0;--awb-spacing-right-small:1.92%;--awb-spacing-left-small:1.92%;\"><div class=\"fusion-column-wrapper fusion-column-has-shadow fusion-flex-justify-content-flex-start fusion-content-layout-column\"><div class=\"fusion-title title fusion-title-1 fusion-sep-none fusion-title-center fusion-title-text fusion-title-size-one\" style=\"--awb-margin-bottom:50px;--awb-margin-top-small:10px;--awb-margin-right-small:0px;--awb-margin-bottom-small:10px;--awb-margin-left-small:0px;\"><h1 class=\"fusion-title-heading title-heading-center fusion-responsive-typography-calculated\" style=\"margin:0;--fontSize:60;line-height:var(--awb-typography1-line-height);\">Pkw-Regelung f\u00fcr <span class=\"rosso\">Parkplatz Centro<\/span><\/h1><\/div><div class=\"fusion-text fusion-text-1\" style=\"--awb-content-alignment:left;\"><p><strong>ART. 1- <em>Allgemeine Bedingungen<\/em><\/strong><\/p>\n<p>Mit der Einfahrt des Fahrzeugs auf den Parkplatz akzeptiert der Benutzer die vorliegende Regelung und schlie\u00dft mit AMT3 Spa einen Parkvertrag ab, der die Bereitstellung und somit die Nutzung und Belegung eines Pkw-Parkplatzes zu den geltenden Tarifen und den allgemeinen Bedingungen der vorliegenden Regelung zum Gegenstand hat.<\/p>\n<p><strong>ART. 2 \u2013 <em>R\u00fccktritt<\/em><\/strong><\/p>\n<p>Wenn die Bedingungen dieser Regelung nicht akzeptiert werden, ist es m\u00f6glich, den Parkplatz innerhalb von 15 (f\u00fcnfzehn) Minuten nach der Einfahrt mit dem Fahrzeug zu verlassen, ohne dass dem Benutzer Kosten entstehen.<\/p>\n<p><strong>ART. 3 \u2013 <em>Zufahrtsschein<\/em><\/strong><\/p>\n<p>Das Parkzufahrtsschein oder das Abonnement berechtigen zum Parken auf den freien Parkpl\u00e4tzen, mit Ausnahme der speziell gekennzeichneten reservierten Parkbuchten.<br \/>\nSie stellen die einzigen g\u00fcltigen Dokumente f\u00fcr die Abholung des geparkten Fahrzeugs durch den jeweiligen Inhaber dar, mit der Folge, dass AMT3 Spa von jeglicher Haftung befreit ist. Jeder Verlust oder jede Besch\u00e4digung muss dem Personal gemeldet werden.<br \/>\nBei Verlust kann der Benutzer an den Kassenautomaten die Option &#8222;Ticket Smarrito&#8220; (Schein verloren) w\u00e4hlen.<\/p>\n<p><strong>ART. 4 \u2013 <em>Zufahrt<\/em><\/strong><\/p>\n<p>Der Parkplatz ist rund um die Uhr zug\u00e4nglich. Die Zufahrt zu den Tiefgaragenebenen ist nur f\u00fcr Fahrzeuge mit einer H\u00f6he unter 2,20 m gestattet.<br \/>\nDie Ebene -2 ist f\u00fcr LPG-betriebene Fahrzeuge gesperrt.<br \/>\nGelegenheitsbenutzer: Dr\u00fccken Sie den entsprechenden Knopf an der S\u00e4ule und ziehen Sie den Einfahrtsschein. Das Kennzeichen des Fahrzeugs ist auf dem Schein aufgedruckt.<br \/>\nAbonnent: Das System erkennt das Kennzeichen des Abonnenten durch automatisches Ablesen und l\u00e4sst das Fahrzeug einfahren. Im Falle einer Schrankenst\u00f6rung muss das Abonnement auf das entsprechende Symbol gelegt werden. Bitte beachten Sie die Informationen, die AMT3 Spa bei der Ausgabe des Abonnements zur Verf\u00fcgung stellt.<\/p>\n<p><strong>ART. 5 &#8211; <em>Bezahlung<\/em><\/strong><\/p>\n<p>Gelegenheitsbenutzer: Die Bezahlung muss vor der Abholung des Fahrzeugs mit dem bei der Einfahrt gezogenen Schein an den Kassenautomaten erfolgen.<br \/>\nDas Fahrzeug muss den Parkplatz innerhalb von 15 (f\u00fcnfzehn) Minuten nach der Bezahlung verlassen, andernfalls wird eine zus\u00e4tzliche Geb\u00fchr erhoben. Wenn das Kennzeichen auf dem Schein korrekt ist, kann das Fahrzeug den Parkplatz ohne Verwendung des Scheins verlassen. Ist das Kennzeichen nicht lesbar, muss der Schein in die S\u00e4ule eingef\u00fchrt werden.<br \/>\nAbonnent: Das System erkennt das Kennzeichen des Abonnenten durch automatisches Ablesen und l\u00e4sst das Fahrzeug ausfahren. Im Falle einer Schrankenst\u00f6rung muss das Abonnement auf das entsprechende Symbol gelegt werden.<br \/>\nBei Nichtzahlung ist AMT3 Spa berechtigt, das Fahrzeug einzubehalten und die Ausfahrt gem\u00e4\u00df Artikel 2756 des italienischen Zivilgesetzbuches zu verweigern. Der an den Kassenautomaten validierte Ausfahrtsschein ist der einzige Nachweis f\u00fcr die erfolgte Zahlung.<\/p>\n<p><strong>ART. 6 \u2013 <em>Tarife<\/em><\/strong><\/p>\n<p>Die Tarife sind an den Einfahrtss\u00e4ulen, an den Kassenautomaten und am Ende dieser Regelung angef\u00fchrt.<br \/>\nMan geht davon aus, dass der Benutzer, der sein Fahrzeug auf dem Parkplatz abgestellt hat, die Tarife kennt und sie akzeptiert. Die Parkgeb\u00fchren werden pro Stunde oder f\u00fcr angefangene Stunde berechnet.<\/p>\n<p><strong>ART. 7 &#8211; <em>Verwahrung und Sicherheit<\/em><\/strong><\/p>\n<p>AMT3 Spa stellt den Benutzern abgegrenzte und beleuchtete Parkpl\u00e4tze zur Verf\u00fcgung, f\u00fcr deren Benutzbarkeit und Instandhaltung sie b\u00fcrgt, und \u00fcbernimmt keinerlei Verpflichtung f\u00fcr die Verwahrung des Fahrzeugs, seines Zubeh\u00f6rs und der darin enthaltenen Gegenst\u00e4nde. Das Fahrzeug muss vom Fahrer, unter seiner alleinigen Verantwortung mit abgestelltem Motor und einwandfrei gebremst auf den vorgesehenen Parkbuchten abgestellt werden. Der Fahrer ist verpflichtet, alle Vorsichtsma\u00dfnahmen f\u00fcr die Sicherheit eigener Sachen und Sachen Dritter zu treffen.<br \/>\nAMT3 Spa ist berechtigt, widerrechtlich abgestellte Fahrzeuge oder Fahrzeuge, die ein Hindernis auf dem Parkplatz darstellen, auf Kosten und Risiko des Benutzers zu entfernen.<\/p>\n<p><strong>ART. 8 \u2013 <em>Haftung<\/em><\/strong><\/p>\n<p>AMT3 Spa haftet nicht f\u00fcr Sch\u00e4den oder Diebstahl, auch nicht teilweise, oder f\u00fcr Besch\u00e4digungen des Fahrzeugs, seines Zubeh\u00f6rs oder der darin enthaltenen Gegenst\u00e4nde und des Gep\u00e4cks, unabh\u00e4ngig von deren Ursache. Es ist auf jeden Fall untersagt, in den abgestellten Fahrzeugen brennbare oder explosive Materialien oder Stoffe, gef\u00e4hrliche Gegenst\u00e4nde oder Gegenst\u00e4nde, deren Vorhandensein eine Einladung zum Diebstahl darstellen k\u00f6nnte, aufzubewahren. Unbeschadet der Bestimmungen der vorstehenden Punkte und nur f\u00fcr Sch\u00e4den, f\u00fcr die der Benutzer nachweisen kann, dass sie ausschlie\u00dflich durch eine Fehlfunktion oder eine mangelhafte Wartung der Anlagen verursacht wurden, haftet AMT3 Spa nur dann, wenn der Benutzer vor Verlassen des Parkplatzes und auf jeden Fall vor dem Entfernen des geparkten Fahrzeugs eine ordnungsgem\u00e4\u00dfe Anmeldung bei den zust\u00e4ndigen Stellen eingereicht hat.<\/p>\n<p><strong>ART. 9 \u2013 <em>Angestelltes Personal<\/em><\/strong><\/p>\n<p>Das auf dem Parkplatz anwesende Personal f\u00fchrt ausschlie\u00dflich Inspektions- und Wartungsarbeiten an den Anlagen durch. Es darf nicht mit der Entgegennahme, Verwahrung oder Beaufsichtigung des Fahrzeugs und der darin befindlichen Gegenst\u00e4nde beauftragt werden. Das Personal nimmt weder bei der Einfahrt noch bei der Ausfahrt eine Identifizierung des Fahrers und des Fahrzeugs vor.<\/p>\n<p><strong>ART. 10 \u2013 <em>Vorschriften<\/em><\/strong><\/p>\n<p>Innerhalb des Parkplatzes haben die Benutzer die Vorschriften der Stra\u00dfenverkehrsordnung sowie die durch Schilder oder m\u00fcndlich durch das mit dem ordnungsgem\u00e4\u00dfen Betrieb der Anlagen beauftragte Personal erteilten Anweisungen strikt zu beachten. Die Nichteinhaltung der Vorschriften hat zur Folge, dass der Benutzer, der gegen die Vorschriften verst\u00f6\u00dft, pers\u00f6nlich f\u00fcr alle Sch\u00e4den haftet, die an seinem eigenen Fahrzeug, an Fahrzeugen Dritter, an Personen oder Sachen entstehen. Im Parkhaus ist es verboten, bei laufendem Motor anzuhalten, Kraftstoff zu entnehmen und das Fahrzeug zu reinigen\/zu waschen, das Fernlicht zu benutzen, entlang der Fahrspuren zu parken, Materialien und Fl\u00fcssigkeiten auf den Boden zu entleeren, die den Bodenbelag verschmutzen und\/oder ihn besch\u00e4digen k\u00f6nnen, Fahrman\u00f6ver durchzuf\u00fchren, die die Sicherheit von Personen und die Unversehrtheit von Sachen gef\u00e4hrden und den Parkplatz mit Anh\u00e4ngern jeglicher Art zu befahren.<\/p>\n<p><strong>ART. 11 \u2013 <em>Fu\u00dfg\u00e4ngerwege<\/em><\/strong><\/p>\n<p>Auf dem Parkplatz sind die Fu\u00dfg\u00e4ngerwege, die zum Hauptausgang und zum Nebenausgang f\u00fchren, mit einer speziellen horizontalen Beschilderung versehen. Alle anderen Fu\u00dfg\u00e4ngerwege d\u00fcrfen nur im Notfall benutzt werden.<\/p>\n<p><strong>Art. 12 \u2013 <em>Streitigkeiten<\/em><\/strong><\/p>\n<p>F\u00fcr Streitigkeiten jeglicher Art ist der Gerichtsstand Verona zust\u00e4ndig.<\/p>\n<\/div><div class=\"fusion-text fusion-text-2\" style=\"--awb-content-alignment:left;\"><p>REG02 Rev. 3.0<\/p>\n<\/div><\/div><\/div><\/div><\/div>\n","protected":false},"excerpt":{"rendered":"","protected":false},"author":3,"featured_media":0,"parent":0,"menu_order":0,"comment_status":"closed","ping_status":"closed","template":"","meta":{"_acf_changed":false,"footnotes":""},"class_list":["post-19772","page","type-page","status-publish","hentry"],"acf":[],"_links":{"self":[{"href":"https:\/\/www.amt3.it\/de\/wp-json\/wp\/v2\/pages\/19772","targetHints":{"allow":["GET"]}}],"collection":[{"href":"https:\/\/www.amt3.it\/de\/wp-json\/wp\/v2\/pages"}],"about":[{"href":"https:\/\/www.amt3.it\/de\/wp-json\/wp\/v2\/types\/page"}],"author":[{"embeddable":true,"href":"https:\/\/www.amt3.it\/de\/wp-json\/wp\/v2\/users\/3"}],"replies":[{"embeddable":true,"href":"https:\/\/www.amt3.it\/de\/wp-json\/wp\/v2\/comments?post=19772"}],"version-history":[{"count":6,"href":"https:\/\/www.amt3.it\/de\/wp-json\/wp\/v2\/pages\/19772\/revisions"}],"predecessor-version":[{"id":20187,"href":"https:\/\/www.amt3.it\/de\/wp-json\/wp\/v2\/pages\/19772\/revisions\/20187"}],"wp:attachment":[{"href":"https:\/\/www.amt3.it\/de\/wp-json\/wp\/v2\/media?parent=19772"}],"curies":[{"name":"wp","href":"https:\/\/api.w.org\/{rel}","templated":true}]}}