{"id":19761,"date":"2024-02-22T13:44:40","date_gmt":"2024-02-22T12:44:40","guid":{"rendered":"https:\/\/www.amt3.it\/regolamento-auto-parcheggi-scoperti\/"},"modified":"2024-08-01T13:29:57","modified_gmt":"2024-08-01T12:29:57","slug":"regelung-fuer-nicht-ueberdachte-parkplaetze","status":"publish","type":"page","link":"https:\/\/www.amt3.it\/de\/regelung-fuer-nicht-ueberdachte-parkplaetze\/","title":{"rendered":"Regelung f\u00fcr nicht \u00fcberdachte Parkpl\u00e4tze"},"content":{"rendered":"<div class=\"fusion-fullwidth fullwidth-box fusion-builder-row-1 fusion-flex-container has-pattern-background has-mask-background nonhundred-percent-fullwidth non-hundred-percent-height-scrolling\" style=\"--awb-border-radius-top-left:0px;--awb-border-radius-top-right:0px;--awb-border-radius-bottom-right:0px;--awb-border-radius-bottom-left:0px;--awb-margin-top-small:20px;--awb-flex-wrap:wrap;\" ><div class=\"fusion-builder-row fusion-row fusion-flex-align-items-flex-start fusion-flex-content-wrap\" style=\"max-width:1248px;margin-left: calc(-4% \/ 2 );margin-right: calc(-4% \/ 2 );\"><div class=\"fusion-layout-column fusion_builder_column fusion-builder-column-0 fusion_builder_column_1_1 1_1 fusion-flex-column\" style=\"--awb-bg-size:cover;--awb-width-large:100%;--awb-margin-top-large:0px;--awb-spacing-right-large:1.92%;--awb-margin-bottom-large:20px;--awb-spacing-left-large:1.92%;--awb-width-medium:100%;--awb-order-medium:0;--awb-spacing-right-medium:1.92%;--awb-spacing-left-medium:1.92%;--awb-width-small:100%;--awb-order-small:0;--awb-spacing-right-small:1.92%;--awb-spacing-left-small:1.92%;\"><div class=\"fusion-column-wrapper fusion-column-has-shadow fusion-flex-justify-content-flex-start fusion-content-layout-column\"><div class=\"fusion-title title fusion-title-1 fusion-sep-none fusion-title-center fusion-title-text fusion-title-size-one\" style=\"--awb-margin-bottom:50px;--awb-margin-top-small:10px;--awb-margin-right-small:0px;--awb-margin-bottom-small:10px;--awb-margin-left-small:0px;\"><h1 class=\"fusion-title-heading title-heading-center fusion-responsive-typography-calculated\" style=\"margin:0;--fontSize:60;line-height:var(--awb-typography1-line-height);\">Regelung f\u00fcr nicht <span class=\"rosso\">\u00fcberdachte Parkpl\u00e4tze<\/span><\/h1><\/div><div class=\"fusion-text fusion-text-1\" style=\"--awb-content-alignment:left;\"><p><strong>Art. 1 \u2013 <em>Voraussetzungen<\/em><\/strong><\/p>\n<p>Diese Regelung legt die Kriterien fest, die AMT3 Spa anwendet, um den Betrieb der Parkpl\u00e4tze mit Tagesgeb\u00fchr, mit Kassenautomaten, Parkometern und Abonnements zu gew\u00e4hrleisten, sowie besondere Vorschriften, die f\u00fcr einzelne Parkpl\u00e4tze gelten.<\/p>\n<p><strong>Art. 2 &#8211; <em>Allgemeine Bedingungen<\/em><\/strong><\/p>\n<p>Die Dienstleistung wird zu den folgenden Bedingungen und zu den Tarifen erbracht, die f\u00fcr die \u00d6ffentlichkeit an den Einfahrten zu den einzelnen Parkbereichen angezeigt sind. Mit der Einfahrt des Fahrzeugs in den Parkplatz schlie\u00dft der Benutzer einen Vertrag ab und akzeptiert die vorliegende Regelung und die geltenden Tarife.<\/p>\n<p><strong>Art. 3 \u2013 <em>Auslegung des Parkscheins<\/em><\/strong><\/p>\n<p>Der bei der Einfahrt in den Parkbereich entnommene automatisierte Parkschein ist sorgf\u00e4ltig aufzubewahren und darf nicht im Fahrzeuginneren ausgelegt werden, da er vor der Abholung des Fahrzeugs zur Bezahlung der Parkgeb\u00fchr am Kassenautomaten verwendet werden muss. Der vom Parkometer (Porta Vescovo) ausgestellte Parkschein muss hingegen gut sichtbar im Fahrzeuginneren ausgelegt werden. Der Parkschein oder das Abonnement berechtigen zum Parken auf den freien Parkpl\u00e4tzen, mit Ausnahme der speziell gekennzeichneten reservierten Parkbuchten. Sie stellen die einzigen g\u00fcltigen Dokumente f\u00fcr die Abholung des geparkten Fahrzeugs durch den jeweiligen Inhaber dar, mit der Folge, dass AMT3 Spa von jeglicher Haftung befreit ist. Jeder Verlust oder jede Besch\u00e4digung muss dem Personal gemeldet werden. Bei Verlust kann der Benutzer an den Kassenautomaten die Option &#8222;Ticket smarrito\u201c (Schein verloren) w\u00e4hlen (au\u00dfer beim Parkplatz &#8222;Porta Vescovo&#8220;). Die Tarife werden an den Einfahrtss\u00e4ulen und an den Kassenautomaten angezeigt. Man geht davon aus, dass der Benutzer, der sein Fahrzeug auf dem Parkplatz abgestellt hat, die Tarife kennt und akzeptiert. Die Abonnements sind in den B\u00fcros von AMT3 Spa erh\u00e4ltlich.<\/p>\n<p><strong>Art. 4 \u2013 <em>Haftungsausschluss<\/em><\/strong><\/p>\n<p>Die Parkpl\u00e4tze sind weder bewacht noch mit Personal besetzt. Die Bezahlung der Parkgeb\u00fchren erfolgt ausschlie\u00dflich \u00fcber Kassenautomaten oder Parkometer, die vom Benutzer zu bedienen sind. Die Benutzung der Parkpl\u00e4tze erfolgt mittels Zufahrtscheins mit Strichcode, Plastikkarten oder Parkometern.<br \/>\nDas gelegentlich auf dem Parkometer anwesende Personal f\u00fchrt nur Inspektions- und Wartungsarbeiten an den Anlagen durch. Es ist nicht befugt, Scheine auszustellen oder Geldbetr\u00e4ge zu kassieren. Es darf nicht mit der Entgegennahme, Verwahrung oder zeitweiligen Beaufsichtigung des Fahrzeugs und der darin befindlichen Gegenst\u00e4nde beauftragt werden. Das Personal nimmt weder bei der Einfahrt noch bei der Ausfahrt eine Identifizierung des Fahrers und des Fahrzeugs vor. Der Fahrer ist verpflichtet, alle Vorkehrungen f\u00fcr die Sicherheit eigener Sachen und der Sachen Dritter zu treffen. AMT3 Spa ist berechtigt, widerrechtlich abgestellte Fahrzeuge oder Fahrzeuge, die ein Hindernis auf dem Parkplatz darstellen, auf Kosten und Risiko des Benutzers zu entfernen. AMT3 Spa kann daher nicht f\u00fcr etwaige Sch\u00e4den an den Fahrzeugen, f\u00fcr den Diebstahl der Fahrzeuge und f\u00fcr den Diebstahl von Gegenst\u00e4nden oder G\u00fctern, die in den Fahrzeugen zur\u00fcckgelassen wurden, haftbar gemacht werden.<\/p>\n<p><strong>Art. 5 &#8211; <em>Abstellen des Fahrzeugs<\/em><\/strong><\/p>\n<p>Das Fahrzeug muss mit abgestelltem Motor und angezogener Handbremse auf den eigens dazu bestimmten Parkbuchten abgestellt werden.<\/p>\n<p><strong>Art. 6 \u2013 <em>Parkbuchtarten<\/em><\/strong><\/p>\n<p>Auf den von AMT3 Spa verwalteten Parkpl\u00e4tzen gibt es Parkbuchten in verschiedenen Farben.<\/p>\n<ul>\n<li>BLAUE FARBE: Parkbuchten f\u00fcr Gelegenheitsbenutzer, die pro Stunde oder f\u00fcr angefangene Stunde bezahlen, oder f\u00fcr Abonnenten.<\/li>\n<li>GELBE FARBE: Parkbuchten f\u00fcr die Mitarbeiter von AMT3 Spa und f\u00fcr Personen mit Behindertenausweis.<\/li>\n<\/ul>\n<p>Das Personal von AMT3 Spa entfernt vorschriftswidrig abgestellte Fahrzeuge und Fahrzeuge, die eine Behinderung darstellen. Die entsprechenden Kosten gehen zu Lasten des Fahrzeugeigent\u00fcmers oder des Fahrzeugnutzers.<\/p>\n<p><strong>Art. 7 \u2013 <em>Verbote und Strafen<\/em><\/strong><\/p>\n<ul>\n<li>Im Parkhaus ist es verboten:<\/li>\n<li>bei laufendem Motor anzuhalten<\/li>\n<li>Kraftstoff zu entnehmen und das Fahrzeug zu reinigen\/zu waschen<\/li>\n<li>das Fernlicht zu benutzen<\/li>\n<li>entlang der Fahrspuren zu parken<\/li>\n<li>Materialien und Fl\u00fcssigkeiten auf den Boden zu entleeren, die den Bodenbelag verschmutzen und\/oder ihn besch\u00e4digen k\u00f6nnen<\/li>\n<li>Fahrman\u00f6ver durchzuf\u00fchren, die die Sicherheit von Personen und die Unversehrtheit von Sachen gef\u00e4hrden<\/li>\n<li>den Parkplatz mit Anh\u00e4ngern jeglicher Art zu befahren<\/li>\n<li>in den geparkten Fahrzeugen brennbare oder explosive Materialien oder Stoffe, gef\u00e4hrliche Gegenst\u00e4nde oder Gegenst\u00e4nde, deren Vorhandensein eine Einladung zum Diebstahl darstellen k\u00f6nnte, aufzubewahren.<\/li>\n<\/ul>\n<p>Unbeschadet der Bestimmungen der vorstehenden Punkte und nur f\u00fcr Sch\u00e4den, f\u00fcr die der Benutzer nachweisen kann, dass sie ausschlie\u00dflich durch eine Fehlfunktion oder eine mangelhafte Wartung der Anlagen verursacht wurden, haftet AMT3 Spa nur dann, wenn der Benutzer vor Verlassen des Parkplatzes und auf jeden Fall vor dem Entfernen des geparkten Fahrzeugs eine ordnungsgem\u00e4\u00dfe Anmeldung bei den zust\u00e4ndigen Stellen eingereicht hat. Bei Nichtbeachtung der oben genannten Verbote kann AMT3 Spa die gesetzlich zul\u00e4ssigen Ma\u00dfnahmen ergreifen (Blockieren der R\u00e4der, Abschleppen des Fahrzeugs), unbeschadet der Haftung der Zuwiderhandelnden f\u00fcr Sch\u00e4den, die AMT3 Spa und\/oder Dritten entstehen sollten.<\/p>\n<p><strong>Art. 8 &#8211; <em>Diensthabendes Personal<\/em><\/strong><\/p>\n<p>Das auf dem Parkplatz anwesende Personal ist nur f\u00fcr die Inspektion und Wartung der Anlagen zust\u00e4ndig. Es darf nicht mit der Entgegennahme, Verwahrung oder Beaufsichtigung des Fahrzeugs und der darin befindlichen Gegenst\u00e4nde beauftragt werden.<\/p>\n<p><strong>Art. 9 &#8211; <em>Verlust des Zufahrtsscheins<\/em><\/strong><\/p>\n<p>Die Folgen des Verlusts des Zufahrtsscheins gehen ausschlie\u00dflich zu Lasten des Kunden. Im Falle des Verlustes eines Scheins f\u00fcr einen automatisierten Parkplatz ist es m\u00f6glich, den Parkplatz zu verlassen, indem man die Taste &#8222;Ticket smarrito&#8220; (Schein verloren) am Kassenautomaten dr\u00fcckt und den angegebenen Betrag bezahlt (au\u00dfer auf dem Parkplatz Porta Vescovo).<\/p>\n<p><strong>Art. 10 \u2013 <em>Vor\u00fcbergehende Reservierung von Parkbuchten<\/em><\/strong><\/p>\n<p>In jedem als Parkplatz dienenden Bereich hat AMT3 oder die Stadtverwaltung das unanfechtbare Recht, alle oder einen Teil der Parkbuchten f\u00fcr au\u00dferordentliche Ereignisse, Veranstaltungen, die \u00f6ffentliche Ordnung oder sonstiges zeitweilig zu reservieren.<\/p>\n<p><strong>Art. 11 \u2013 Streitigkeiten<\/strong><\/p>\n<p>F\u00fcr Streitigkeiten jeglicher Art ist der Gerichtsstand Verona zust\u00e4ndig.<\/p>\n<\/div><div class=\"fusion-text fusion-text-2\" style=\"--awb-content-alignment:left;\"><p>REG03 Rev. 3.0<\/p>\n<\/div><\/div><\/div><\/div><\/div>\n","protected":false},"excerpt":{"rendered":"","protected":false},"author":3,"featured_media":0,"parent":0,"menu_order":0,"comment_status":"closed","ping_status":"closed","template":"","meta":{"_acf_changed":false,"footnotes":""},"class_list":["post-19761","page","type-page","status-publish","hentry"],"acf":[],"_links":{"self":[{"href":"https:\/\/www.amt3.it\/de\/wp-json\/wp\/v2\/pages\/19761","targetHints":{"allow":["GET"]}}],"collection":[{"href":"https:\/\/www.amt3.it\/de\/wp-json\/wp\/v2\/pages"}],"about":[{"href":"https:\/\/www.amt3.it\/de\/wp-json\/wp\/v2\/types\/page"}],"author":[{"embeddable":true,"href":"https:\/\/www.amt3.it\/de\/wp-json\/wp\/v2\/users\/3"}],"replies":[{"embeddable":true,"href":"https:\/\/www.amt3.it\/de\/wp-json\/wp\/v2\/comments?post=19761"}],"version-history":[{"count":7,"href":"https:\/\/www.amt3.it\/de\/wp-json\/wp\/v2\/pages\/19761\/revisions"}],"predecessor-version":[{"id":20175,"href":"https:\/\/www.amt3.it\/de\/wp-json\/wp\/v2\/pages\/19761\/revisions\/20175"}],"wp:attachment":[{"href":"https:\/\/www.amt3.it\/de\/wp-json\/wp\/v2\/media?parent=19761"}],"curies":[{"name":"wp","href":"https:\/\/api.w.org\/{rel}","templated":true}]}}