{"id":19730,"date":"2024-02-26T13:32:44","date_gmt":"2024-02-26T12:32:44","guid":{"rendered":"https:\/\/www.amt3.it\/area-camper-verona-porta-palio\/"},"modified":"2024-08-05T08:22:31","modified_gmt":"2024-08-05T07:22:31","slug":"regelung-reisemobilstellplatz-verona-porta-palio","status":"publish","type":"page","link":"https:\/\/www.amt3.it\/de\/regelung-reisemobilstellplatz-verona-porta-palio\/","title":{"rendered":"Regelung Reisemobilstellplatz Verona \u201cPorta Palio&#8220;"},"content":{"rendered":"<div class=\"fusion-fullwidth fullwidth-box fusion-builder-row-1 fusion-flex-container has-pattern-background has-mask-background nonhundred-percent-fullwidth non-hundred-percent-height-scrolling\" style=\"--awb-border-radius-top-left:0px;--awb-border-radius-top-right:0px;--awb-border-radius-bottom-right:0px;--awb-border-radius-bottom-left:0px;--awb-margin-top-small:20px;--awb-flex-wrap:wrap;\" ><div class=\"fusion-builder-row fusion-row fusion-flex-align-items-flex-start fusion-flex-content-wrap\" style=\"max-width:1248px;margin-left: calc(-4% \/ 2 );margin-right: calc(-4% \/ 2 );\"><div class=\"fusion-layout-column fusion_builder_column fusion-builder-column-0 fusion_builder_column_1_1 1_1 fusion-flex-column\" style=\"--awb-bg-size:cover;--awb-width-large:100%;--awb-margin-top-large:0px;--awb-spacing-right-large:1.92%;--awb-margin-bottom-large:20px;--awb-spacing-left-large:1.92%;--awb-width-medium:100%;--awb-order-medium:0;--awb-spacing-right-medium:1.92%;--awb-spacing-left-medium:1.92%;--awb-width-small:100%;--awb-order-small:0;--awb-spacing-right-small:1.92%;--awb-spacing-left-small:1.92%;\"><div class=\"fusion-column-wrapper fusion-column-has-shadow fusion-flex-justify-content-flex-start fusion-content-layout-column\"><div class=\"fusion-title title fusion-title-1 fusion-sep-none fusion-title-center fusion-title-text fusion-title-size-one\" style=\"--awb-margin-top-small:10px;--awb-margin-right-small:0px;--awb-margin-bottom-small:10px;--awb-margin-left-small:0px;\"><h1 class=\"fusion-title-heading title-heading-center fusion-responsive-typography-calculated\" style=\"margin:0;--fontSize:60;line-height:var(--awb-typography1-line-height);\">Reisemobilstellplatz Verona <span class=\"rosso\">Porta Palio<\/span><\/h1><\/div><div class=\"fusion-title title fusion-title-2 fusion-sep-none fusion-title-center fusion-title-text fusion-title-size-two\" style=\"--awb-margin-bottom:50px;--awb-margin-top-small:10px;--awb-margin-right-small:0px;--awb-margin-bottom-small:10px;--awb-margin-left-small:0px;\"><h2 class=\"fusion-title-heading title-heading-center fusion-responsive-typography-calculated\" style=\"margin:0;--fontSize:36;line-height:var(--awb-typography1-line-height);\">Regelung Zur Benutzung<\/h2><\/div><div class=\"fusion-text fusion-text-1\" style=\"--awb-content-alignment:left;\"><p><strong>Artikel 1 &#8211; <em>Anwendung<\/em><\/strong><\/p>\n<p>Die vorliegende Regelung regelt die Benutzung des in Via G. Dalla Bona in Verona liegenden Wohnmobilstellplatzes, der hier der Einfachheit halber auch \u201eStellplatz\u201c genannt wird. Die Regelung regelt auch die Benutzung der zum Stellplatz geh\u00f6renden hygienisch-sanit\u00e4ren Anlage, gem\u00e4\u00df Art. 378 des Pr\u00e4sidialerlasses 495\/1992, im Hinblick auf die Entsorgung von organischen Abf\u00e4llen und Abwasser und die Versorgung mit Trinkwasser.<\/p>\n<p><strong>Artikel 2 \u2013 <em>Nicht bewachter Stellplatz<\/em><\/strong><\/p>\n<p>Der Stellplatz ist nicht bewacht. AMT Spa ist daher von jeder Verantwortung in Bezug auf Sch\u00e4den an Sachen und\/oder Personen befreit, die auf dem Stellplatz entstehen sollten.<\/p>\n<p><strong>Artikel 3 \u2013 <em>Erlaubte Fahrzeuge<\/em><\/strong><\/p>\n<p>Auf dem Stellplatz d\u00fcrfen nur die von Art. 54, Buchst. M der Gesetzesverordnung 285\/1992 definierten Wohnmobile abgestellt werden: \u201cFahrzeuge mit einem besonderen Aufbau, die st\u00e4ndig dazu ausger\u00fcstet sind, um zum Transport und zur Unterbringung von h\u00f6chstens sieben Personen, der Fahrer inbegriffen, verwendet zu werden.\u201d Andere Campingarten sind nicht erlaubt. Zuwiderhandelnde werden umgehend vom Stellplatz verwiesen. Der Stellplatz wurde mit Anordnung des B\u00fcrgermeisters errichtet, entsprechend Art. 7, Absatz I, Buchstabe H) der Gesetzesverordnung 285\/1992.<\/p>\n<p><strong>Artikel 4 \u2013 <em>Abstellbedingungen<\/em><\/strong><\/p>\n<p>Die Zufahrt zum Stellplatz ist rund um die Uhr an 365 Tagen im Jahr m\u00f6glich und erfolgt gegen Bezahlung zu den angeschlagenen Tarifen. Die Wohnmobile d\u00fcrfen nur auf den am Boden gekennzeichneten Pl\u00e4tzen abgestellt werden. Dabei m\u00fcssen die Vorderr\u00e4der der Fahrzeuge zur Fahrspur in der Mitte des Stellplatzes hin zeigen. Am Eingang muss der Benutzer ein Ticket ziehen, das er gut verwahren muss und nicht verlieren darf. Um den Stellplatz zu verlassen, muss der Benutzer das Ticket in das Zahlautomat stecken, die Bezahlung vornehmen, das Ticket wieder entnehmen und es in den Schlitz an der S\u00e4ule am Ausgang stecken. Im Falle von Funktionsproblemen kann der Benutzer den technischen Dienst von AMT wie folgt kontaktieren:<\/p>\n<ul>\n<li>mit den Sprechanlagen an den Eingangs- und Ausfahrtss\u00e4ulen und am Zahlautomat<\/li>\n<li>\u00fcber die angeschlagenen Telefonnummern.<\/li>\n<\/ul>\n<p><strong>Artikel 5 \u2013 <em>Versorgung mit Trinkwasser<\/em><\/strong><\/p>\n<p>Es ist erlaubt, sich mit Trinkwasser zu versorgen, indem man sich an die beiden H\u00e4hne an der Seite des Platzes zur Abwasserentsorgung anschlie\u00dft; dabei d\u00fcrfen die Schl\u00e4uche und Anschlussst\u00fccke nur f\u00fcr die zum Auff\u00fcllen des Tanks unbedingt notwendige Zeit verwendet werden. Die verwendeten Schl\u00e4uche d\u00fcrfen den Verkehr von Personen und Fahrzeugen nicht behindern und keine Gefahr f\u00fcr die Unversehrtheit und Sicherheit darstellen. Die Verwendung des Wassers ist nur zu hygienisch-sanit\u00e4ren Zwecken und zu Lebensmittelzwecken erlaubt.<\/p>\n<p><strong>Artikel 6 \u2013 <em>Abwasserentsorgung<\/em><\/strong><\/p>\n<p>Die Abwasserentsorgung (Abfluss aus Waschbecken und Duschen) kann auf dem entsprechenden Platz erfolgen, der mit einem Einlaufschacht und einem grobmaschigen Gitter ausgestattet ist, jene von \u201eSchwarzwasser\u201c (im Toilettentank angesammelt) durch den seitlich auf dem Platz gelegenen Ausguss. Die Fahrer der Wohnmobile m\u00fcssen gleich nach der Verwendung f\u00fcr eine externe Reinigung der hygienisch-sanit\u00e4ren Anlage Sorge tragen.<\/p>\n<p><strong>Artikel 7 \u2013 <em>Verbote<\/em><\/strong><\/p>\n<p>Es ist untersagt, an der internen Zufahrtsstra\u00dfe bzw. in einer Weise zu parken, die die Durchfahrt anderer Fahrzeuge behindern k\u00f6nnte. Es ist au\u00dferdem verboten, in der N\u00e4he der Zufahrt zum Stellplatz zu parken und dadurch die Ein- und Ausfahrtman\u00f6ver zu erschweren. Es ist untersagt, in der N\u00e4he des Bereichs der Wohnmobil-Services zu parken. AMT Spa ist erm\u00e4chtigt, nicht ordnungsgem\u00e4\u00df oder in nicht angemessener Weise abgestellte Fahrzeuge zu verstellen und\/oder zu entfernen, ohne dass irgendwelche Forderungen wegen eventuell verursachter Sch\u00e4den gestellt werden k\u00f6nnen. Die Abschleppkosten fallen zur G\u00e4nze zu Lasten des Benutzers und m\u00fcssen von diesem bezahlt werden, bevor er den Stellplatz verl\u00e4sst.<br \/>Nicht erm\u00e4chtigten Personen ist es innerhalb des Stellplatzes strengstens untersagt:<\/p>\n<ul>\n<li>L\u00f6cher auch nur geringen Ausma\u00dfes zu graben<\/li>\n<li>innerhalb des Stellplatzes Feuer, Stromaggregate, Grillger\u00e4te oder \u00e4hnliches zu verwenden<\/li>\n<li>Gras auszurei\u00dfen<\/li>\n<li>Wasser zu verschwenden, indem man die H\u00e4hne nicht schlie\u00dft oder es zum Spielen benutzt<\/li>\n<li>B\u00e4ume zu entbl\u00e4ttern oder umzuschlagen bzw. auf sie zu klettern<\/li>\n<li>Materialien und Gegenst\u00e4nde aus dem Eigentum von AMT Spa zu entfernen oder zu besch\u00e4digen<\/li>\n<li>mit B\u00e4llen oder Wurfobjekten zu spielen<\/li>\n<li>zu waschen und die W\u00e4sche au\u00dferhalb der Wohnmobile aufzuh\u00e4ngen<\/li>\n<li>mit Motorfahrzeugen, die nicht Wohnmobile sind, durchzufahren und diese abzustellen sowie Fahrzeuge bei laufendem Motor abzustellen.<\/li>\n<\/ul>\n<p>Au\u00dferdem:<\/p>\n<ul>\n<li>Tiere m\u00fcssen beaufsichtigt werden, um Bel\u00e4stigungen, St\u00f6rungen oder Sch\u00e4den an Sachen und\/oder Personen zu vermeiden. Hunde m\u00fcssen an der Leine gef\u00fchrt werden, Hundekot muss eingesammelt werden.<\/li>\n<li>Von 20.00 bis 7.00 Uhr sind alle lauten T\u00e4tigkeiten untersagt, welche die \u00f6ffentliche und private Ruhezeit st\u00f6ren k\u00f6nnen.<\/li>\n<li>Zur M\u00fcllentsorgung m\u00fcssen die entsprechenden Beh\u00e4lter verwendet werden, unter Beachtung der einschl\u00e4gigen Bestimmungen und der auf Gemeindeebene geltenden Ordnung \u00fcber den Hausm\u00fcll.<\/li>\n<\/ul>\n<p>Sollten Gegenst\u00e4nde aus dem Eigentum von AMT Spa besch\u00e4digt werden, muss der Schadensverursacher dies AMT Spa umgehend melden, indem er die angeschlagene Telefonnummer des Kundendienstes oder die Zentrale kontaktiert, um die Bezahlung des Schadensersatzes zu vereinbaren.<\/p>\n<p>Gem\u00e4\u00df Art. 185, Abs\u00e4tze 4 und 5, der Gesetzesverordnung 285\/1992 ist es untersagt, organische Abf\u00e4lle sowie Abwasser und Schmutzwasser auf Stra\u00dfen und \u00f6ffentlichen Fl\u00e4chen au\u00dferhalb der entsprechenden hygienisch-sanit\u00e4ren Entsorgungsanlagen abzulagern. Ein Versto\u00df hat die Auferlegung einer Verwaltungsstrafe von 85,00 \u20ac bis 338,00 \u20ac zur Folge, wie von Art. 185, Absatz 6, der Gesetzesverordnung 285\/1992 vorgesehen. Abf\u00e4lle m\u00fcssen in den entsprechenden Beh\u00e4ltern und unter Beachtung der einschl\u00e4gigen Bestimmungen abgelagert werden.<\/p>\n<p><strong>Artikel 8 \u2013 <em>Geltende Bestimmungen<\/em><\/strong><\/p>\n<p>Die vorliegende Regelung st\u00fctzt sich auf folgende Gesetzestexte:<\/p>\n<ul>\n<li>Gesetzesverordnung vom 30.04.1992 Nr. 285 in der geltenden Fassung;<\/li>\n<li>Pr\u00e4sidialerlass vom 16.12.1992 Nr. 495 in der geltenden Fassung;<\/li>\n<li>Regionalgesetz vom 04.11.2002 Nr. 33<\/li>\n<\/ul>\n<p>Eine Ab\u00e4nderung oder Aufhebung der genannten Gesetzestexte und der Erlass neuer einschl\u00e4giger Bestimmungen haben eine Angleichung dieser Regelung zur Folge, kraft und entsprechend den geltenden Bestimmungen.<\/p>\n<p><strong>Artikel 9 \u2013 <em>Sanktionen<\/em><\/strong><\/p>\n<p>F\u00fcr all das, was von der vorliegenden Regelung nicht vorgesehen ist, gelangen die einschl\u00e4gigen Gesetze und Verordnungen zur Anwendung. Unbeschadet der Zust\u00e4ndigkeit des B\u00fcrgermeisters, der Anwendung der straf-, zivil- und verwaltungsrechtlichen Gesetze und der in den vorangehenden Artikeln angef\u00fchrten Sanktionen hat jede Verletzung der Bestimmungen dieser Regelung die Auferlegung einer Verwaltungsstrafe mit der Bezahlung eines Geldbetrags von mindestens 25,00 \u20ac bis h\u00f6chstens 500,00 \u20ac sowie die Entfernung vom Stellplatz zur Folge. Die \u00dcberwachung im Hinblick auf die Einhaltung der Vorschriften der vorliegenden Regelung liegen in der Zust\u00e4ndigkeit der Gemeinde, durch die \u00f6rtliche Polizei und andere Polizeidienste. Die Auferlegung der entsprechenden Sanktionen infolge von Verst\u00f6\u00dfen gegen Vorschriften, die in der vorliegenden Regelung und in den dort angef\u00fchrten Gesetzen enthalten sind, wird durch das Gesetz vom 24. November 1981 Nr. 689 geregelt.<\/p>\n<p>In dringenden F\u00e4llen k\u00f6nnen Sie folgende Nummern kontaktieren:<br \/>0039 340 9237522 von 7:30 bis 20:30<br \/>0039 045 582899 von 20:30 bis 7:30<\/p>\n<\/div><div class=\"fusion-text fusion-text-2\" style=\"--awb-content-alignment:left;\"><p>REGxx Rev. xx<\/p>\n<\/div><\/div><\/div><\/div><\/div>\n","protected":false},"excerpt":{"rendered":"","protected":false},"author":3,"featured_media":0,"parent":0,"menu_order":0,"comment_status":"closed","ping_status":"closed","template":"","meta":{"_acf_changed":false,"footnotes":""},"class_list":["post-19730","page","type-page","status-publish","hentry"],"acf":[],"_links":{"self":[{"href":"https:\/\/www.amt3.it\/de\/wp-json\/wp\/v2\/pages\/19730","targetHints":{"allow":["GET"]}}],"collection":[{"href":"https:\/\/www.amt3.it\/de\/wp-json\/wp\/v2\/pages"}],"about":[{"href":"https:\/\/www.amt3.it\/de\/wp-json\/wp\/v2\/types\/page"}],"author":[{"embeddable":true,"href":"https:\/\/www.amt3.it\/de\/wp-json\/wp\/v2\/users\/3"}],"replies":[{"embeddable":true,"href":"https:\/\/www.amt3.it\/de\/wp-json\/wp\/v2\/comments?post=19730"}],"version-history":[{"count":4,"href":"https:\/\/www.amt3.it\/de\/wp-json\/wp\/v2\/pages\/19730\/revisions"}],"predecessor-version":[{"id":20191,"href":"https:\/\/www.amt3.it\/de\/wp-json\/wp\/v2\/pages\/19730\/revisions\/20191"}],"wp:attachment":[{"href":"https:\/\/www.amt3.it\/de\/wp-json\/wp\/v2\/media?parent=19730"}],"curies":[{"name":"wp","href":"https:\/\/api.w.org\/{rel}","templated":true}]}}