{"id":19647,"date":"2024-04-11T15:08:54","date_gmt":"2024-04-11T14:08:54","guid":{"rendered":"https:\/\/www.amt3.it\/whistleblowing-segnalazioni-condotte-illecite\/"},"modified":"2025-02-11T12:50:02","modified_gmt":"2025-02-11T11:50:02","slug":"whistleblowing-meldung-von-rechtswidrigem-verhalten","status":"publish","type":"page","link":"https:\/\/www.amt3.it\/de\/whistleblowing-meldung-von-rechtswidrigem-verhalten\/","title":{"rendered":"Whistleblowing (Meldung von rechtswidrigem Verhalten)"},"content":{"rendered":"<div class=\"fusion-fullwidth fullwidth-box fusion-builder-row-1 fusion-flex-container has-pattern-background has-mask-background nonhundred-percent-fullwidth non-hundred-percent-height-scrolling\" style=\"--awb-border-radius-top-left:0px;--awb-border-radius-top-right:0px;--awb-border-radius-bottom-right:0px;--awb-border-radius-bottom-left:0px;--awb-margin-top-small:20px;--awb-flex-wrap:wrap;\" ><div class=\"fusion-builder-row fusion-row fusion-flex-align-items-flex-start fusion-flex-content-wrap\" style=\"max-width:calc( 1200px + 20px );margin-left: calc(-20px \/ 2 );margin-right: calc(-20px \/ 2 );\"><div class=\"fusion-layout-column fusion_builder_column fusion-builder-column-0 fusion_builder_column_1_1 1_1 fusion-flex-column\" style=\"--awb-bg-size:cover;--awb-width-large:100%;--awb-margin-top-large:0px;--awb-spacing-right-large:10px;--awb-margin-bottom-large:20px;--awb-spacing-left-large:10px;--awb-width-medium:100%;--awb-order-medium:0;--awb-spacing-right-medium:10px;--awb-spacing-left-medium:10px;--awb-width-small:100%;--awb-order-small:0;--awb-spacing-right-small:10px;--awb-spacing-left-small:10px;\"><div class=\"fusion-column-wrapper fusion-column-has-shadow fusion-flex-justify-content-flex-start fusion-content-layout-column\"><div class=\"fusion-title title fusion-title-1 fusion-sep-none fusion-title-center fusion-title-text fusion-title-size-one\" style=\"--awb-margin-bottom:30px;--awb-margin-top-small:10px;--awb-margin-right-small:0px;--awb-margin-bottom-small:10px;--awb-margin-left-small:0px;\"><h1 class=\"fusion-title-heading title-heading-center fusion-responsive-typography-calculated\" style=\"margin:0;--fontSize:60;line-height:var(--awb-typography1-line-height);\"><span class=\"rosso\">Whistleblowing<br \/>\n<\/span>(Meldung von rechtswidrigem Verhalten)<\/h1><\/div><div class=\"fusion-text fusion-text-1\" style=\"--awb-content-alignment:left;\"><p>Artikel 54 bis der Gesetzesverordnung Nr. 165 vom 30. M\u00e4rz 2001, die durch das Antikorruptionsgesetz Nr. 190\/2012 eingef\u00fchrt und sp\u00e4ter durch das Gesetz Nr. 179\/2017 abge\u00e4ndert wurde, f\u00fchrt die &#8222;<strong>Bestimmungen zum Schutz von Personen, die Straftaten oder Unregelm\u00e4\u00dfigkeiten gemeldet haben, von denen sie im Rahmen eines \u00f6ffentlichen oder privaten Arbeitsverh\u00e4ltnisses Kenntnis erlangt haben<\/strong>&#8220; das sogenannte Whistleblowing, ein.<\/p>\n<p>Absatz 5 legt insbesondere fest, dass nach den neuen ANAC-Leitlinien die Verfahren des Whistleblowings bestimmte Merkmale aufweisen m\u00fcssen. Insbesondere sehen sie &#8222;die Verwendung von Methoden, einschlie\u00dflich computergest\u00fctzter Methoden, vor und f\u00f6rdern den Einsatz von Verschl\u00fcsselungsinstrumenten, um die Vertraulichkeit der Identit\u00e4t des Hinweisgebers sowie des Inhalts der Meldungen und der entsprechenden Unterlagen zu gew\u00e4hrleisten&#8220;.<\/p>\n<p><a href=\"https:\/\/www.amt3.it\/de\/erklaerung-zur-barrierefreiheit\/\">AMT3 Spa<\/a>\u00a0hat sich dem Projekt WhistleblowingPA von Transparency International Italia und dem Centro Hermes per la Transparenza e i Diritti Umani e Digitali (Zentrum Hermes f\u00fcr Transparenz, Menschenrechte und digitale Rechte) angeschlossen und die vorgesehene IT-Plattform eingef\u00fchrt, um die gesetzlichen Verpflichtungen zu erf\u00fcllen und weil sie es f\u00fcr wichtig h\u00e4lt, \u00fcber ein sicheres Instrument f\u00fcr die Meldungen zu verf\u00fcgen.<\/p>\n<\/div><div class=\"fusion-text fusion-text-2\" style=\"--awb-content-alignment:left;--awb-margin-top:40px;\"><p><strong>Die Merkmale dieser Meldemethode sind folgende:<\/strong><\/p>\n<\/div><\/div><\/div><div class=\"fusion-layout-column fusion_builder_column fusion-builder-column-1 fusion_builder_column_1_2 1_2 fusion-flex-column\" style=\"--awb-bg-size:cover;--awb-width-large:50%;--awb-margin-top-large:0px;--awb-spacing-right-large:10px;--awb-margin-bottom-large:20px;--awb-spacing-left-large:10px;--awb-width-medium:50%;--awb-order-medium:0;--awb-spacing-right-medium:10px;--awb-spacing-left-medium:10px;--awb-width-small:100%;--awb-order-small:0;--awb-spacing-right-small:10px;--awb-spacing-left-small:10px;\"><div class=\"fusion-column-wrapper fusion-column-has-shadow fusion-flex-justify-content-flex-start fusion-content-layout-column\"><ul style=\"--awb-size:20px;--awb-iconcolor:var(--awb-color4);--awb-textcolor:var(--awb-color4);--awb-line-height:34px;--awb-icon-width:34px;--awb-icon-height:34px;--awb-icon-margin:14px;--awb-content-margin:48px;\" class=\"fusion-checklist fusion-checklist-1 fusion-checklist-default type-icons\"><li class=\"fusion-li-item\" style=\"\"><span class=\"icon-wrapper circle-no\"><i class=\"fusion-li-icon fa-check fas\" aria-hidden=\"true\"><\/i><\/span><div class=\"fusion-li-item-content\">\n<p>Die Meldung kann von Angestellten der AMT3 Spa sowie <strong>von Angestellten und Mitarbeitern der Unternehmen, die AMT3 Spa beliefern und f\u00fcr sie \u00f6ffentliche Arbeiten ausf\u00fchren<\/strong>, eingereicht werden;<\/p>\n<\/div><\/li><li class=\"fusion-li-item\" style=\"\"><span class=\"icon-wrapper circle-no\"><i class=\"fusion-li-icon fa-check fas\" aria-hidden=\"true\"><\/i><\/span><div class=\"fusion-li-item-content\">Der Hinweisgeber darf wegen der Meldung eines <strong>rechtswidrigen Verhaltens, von dem er im Rahmen seines Arbeitsverh\u00e4ltnisses Kenntnis erlangt hat<\/strong>, nicht bestraft, zur\u00fcckgestuft, entlassen, versetzt oder sonstigen organisatorischen Ma\u00dfnahmen unterworfen werden, die sich unmittelbar oder mittelbar nachteilig auf seine Arbeitsbedingungen auswirken;<\/div><\/li><li class=\"fusion-li-item\" style=\"\"><span class=\"icon-wrapper circle-no\"><i class=\"fusion-li-icon fa-check fas\" aria-hidden=\"true\"><\/i><\/span><div class=\"fusion-li-item-content\">der Schutz des Hinweisgebers ist <strong>nicht gew\u00e4hrleistet<\/strong>, wenn eine strafrechtliche Verantwortung des Hinweisgebers <strong>wegen Verleumdung oder \u00fcbler Nachrede<\/strong> festgestellt wird;<\/div><\/li><li class=\"fusion-li-item\" style=\"\"><span class=\"icon-wrapper circle-no\"><i class=\"fusion-li-icon fa-check fas\" aria-hidden=\"true\"><\/i><\/span><div class=\"fusion-li-item-content\">\n<p>die Meldung erfolgt durch <strong>Ausf\u00fcllen eines Fragebogens<\/strong> und kann <strong>anonym<\/strong> eingereicht werden. <strong>Anonyme Meldungen werden nur ber\u00fccksichtigt, wenn sie hinreichend begr\u00fcndet sind<\/strong>;<\/p>\n<\/div><\/li><\/ul><\/div><\/div><div class=\"fusion-layout-column fusion_builder_column fusion-builder-column-2 fusion_builder_column_1_2 1_2 fusion-flex-column\" style=\"--awb-bg-size:cover;--awb-width-large:50%;--awb-margin-top-large:0px;--awb-spacing-right-large:10px;--awb-margin-bottom-large:20px;--awb-spacing-left-large:10px;--awb-width-medium:50%;--awb-order-medium:0;--awb-spacing-right-medium:10px;--awb-spacing-left-medium:10px;--awb-width-small:100%;--awb-order-small:0;--awb-spacing-right-small:10px;--awb-spacing-left-small:10px;\"><div class=\"fusion-column-wrapper fusion-column-has-shadow fusion-flex-justify-content-flex-start fusion-content-layout-column\"><ul style=\"--awb-size:20px;--awb-iconcolor:var(--awb-color4);--awb-textcolor:var(--awb-color4);--awb-line-height:34px;--awb-icon-width:34px;--awb-icon-height:34px;--awb-icon-margin:14px;--awb-content-margin:48px;\" class=\"fusion-checklist fusion-checklist-2 fusion-checklist-default type-icons\"><li class=\"fusion-li-item\" style=\"\"><span class=\"icon-wrapper circle-no\"><i class=\"fusion-li-icon fa-check fas\" aria-hidden=\"true\"><\/i><\/span><div class=\"fusion-li-item-content\"><strong>die Meldung wird vom Beauftragten f\u00fcr Korruptionspr\u00e4vention und Transparenz (RPCT) entgegengenommen und unter Wahrung der Vertraulichkeit<\/strong> gegen\u00fcber dem Hinweisgeber <strong>bearbeitet<\/strong>;<\/div><\/li><li class=\"fusion-li-item\" style=\"\"><span class=\"icon-wrapper circle-no\"><i class=\"fusion-li-icon fa-check fas\" aria-hidden=\"true\"><\/i><\/span><div class=\"fusion-li-item-content\">bei der \u00dcbermittlung der Meldung erh\u00e4lt der Hinweisgeber einen <strong>16-stelligen Zahlencode<\/strong>, den er aufbewahren muss, um die Meldung erneut abrufen zu k\u00f6nnen, die Antwort des RPCT \u00fcberpr\u00fcfen und auf R\u00fcckfragen nach Klarstellungen oder nach weiteren Einzelheiten antworten zu k\u00f6nnen;<\/div><\/li><li class=\"fusion-li-item\" style=\"\"><span class=\"icon-wrapper circle-no\"><i class=\"fusion-li-icon fa-check fas\" aria-hidden=\"true\"><\/i><\/span><div class=\"fusion-li-item-content\">\n<p>die Meldung kann <strong>von jedem digitalen Ger\u00e4t<\/strong> (PC, Tablet, Smartphone) innerhalb oder au\u00dferhalb des Unternehmens erfolgen. Die Anonymit\u00e4t ist in jedem Fall gew\u00e4hrleistet.<\/p>\n<\/div><\/li><\/ul><\/div><\/div><div class=\"fusion-layout-column fusion_builder_column fusion-builder-column-3 fusion_builder_column_1_2 1_2 fusion-flex-column\" style=\"--awb-bg-size:cover;--awb-width-large:50%;--awb-margin-top-large:0px;--awb-spacing-right-large:10px;--awb-margin-bottom-large:20px;--awb-spacing-left-large:10px;--awb-width-medium:50%;--awb-order-medium:0;--awb-spacing-right-medium:10px;--awb-spacing-left-medium:10px;--awb-width-small:100%;--awb-order-small:0;--awb-spacing-right-small:10px;--awb-spacing-left-small:10px;\"><div class=\"fusion-column-wrapper fusion-column-has-shadow fusion-flex-justify-content-flex-start fusion-content-layout-column\"><div style=\"text-align:center;\"><a class=\"fusion-button button-flat fusion-button-default-size button-custom fusion-button-default button-1 fusion-button-default-span fusion-button-default-type\" style=\"--button_accent_color:var(--awb-color1);--button_accent_hover_color:var(--awb-color1);--button_border_hover_color:var(--awb-color1);--button_gradient_top_color:var(--awb-color4);--button_gradient_bottom_color:var(--awb-color4);--button_gradient_top_color_hover:var(--awb-color5);--button_gradient_bottom_color_hover:var(--awb-color5);--button_text_transform:uppercase;--button_font_size:16px;--button_typography-letter-spacing:0px;--button_margin-top:10px;--button_margin-bottom:25px;\" target=\"_blank\" rel=\"noopener noreferrer\" href=\"https:\/\/amtspa.whistleblowing.it\/\"><span class=\"fusion-button-text awb-button__text awb-button__text--default\">Whistleblowing &#8211; EINE MELDUNG \u00dcBERSENDEN<\/span><i class=\"fa-angle-double-right fas awb-button__icon awb-button__icon--default button-icon-right\" aria-hidden=\"true\"><\/i><\/a><\/div><\/div><\/div><div class=\"fusion-layout-column fusion_builder_column fusion-builder-column-4 fusion_builder_column_1_2 1_2 fusion-flex-column\" style=\"--awb-bg-size:cover;--awb-width-large:50%;--awb-margin-top-large:0px;--awb-spacing-right-large:10px;--awb-margin-bottom-large:20px;--awb-spacing-left-large:10px;--awb-width-medium:50%;--awb-order-medium:0;--awb-spacing-right-medium:10px;--awb-spacing-left-medium:10px;--awb-width-small:100%;--awb-order-small:0;--awb-spacing-right-small:10px;--awb-spacing-left-small:10px;\"><div class=\"fusion-column-wrapper fusion-column-has-shadow fusion-flex-justify-content-flex-start fusion-content-layout-column\"><div style=\"text-align:center;\"><a class=\"fusion-button button-flat fusion-button-default-size button-custom fusion-button-default button-2 fusion-button-default-span fusion-button-default-type\" style=\"--button_accent_color:var(--awb-color1);--button_accent_hover_color:var(--awb-color1);--button_border_hover_color:var(--awb-color1);--button_gradient_top_color:var(--awb-color4);--button_gradient_bottom_color:var(--awb-color4);--button_gradient_top_color_hover:var(--awb-color5);--button_gradient_bottom_color_hover:var(--awb-color5);--button_text_transform:uppercase;--button_font_size:16px;--button_typography-letter-spacing:0px;--button_margin-top:10px;--button_margin-bottom:25px;\" target=\"_blank\" rel=\"noopener noreferrer\" href=\"https:\/\/amt3paritadigenere.segnalazioni.net\/\"><span class=\"fusion-button-text awb-button__text awb-button__text--default\">Whistleblowing &#8211; Gleichstellung der Geschlechter<\/span><i class=\"fa-angle-double-right fas awb-button__icon awb-button__icon--default button-icon-right\" aria-hidden=\"true\"><\/i><\/a><\/div><\/div><\/div><\/div><\/div>\n","protected":false},"excerpt":{"rendered":"","protected":false},"author":5,"featured_media":0,"parent":0,"menu_order":0,"comment_status":"closed","ping_status":"closed","template":"","meta":{"_acf_changed":false,"footnotes":""},"class_list":["post-19647","page","type-page","status-publish","hentry"],"acf":[],"_links":{"self":[{"href":"https:\/\/www.amt3.it\/de\/wp-json\/wp\/v2\/pages\/19647","targetHints":{"allow":["GET"]}}],"collection":[{"href":"https:\/\/www.amt3.it\/de\/wp-json\/wp\/v2\/pages"}],"about":[{"href":"https:\/\/www.amt3.it\/de\/wp-json\/wp\/v2\/types\/page"}],"author":[{"embeddable":true,"href":"https:\/\/www.amt3.it\/de\/wp-json\/wp\/v2\/users\/5"}],"replies":[{"embeddable":true,"href":"https:\/\/www.amt3.it\/de\/wp-json\/wp\/v2\/comments?post=19647"}],"version-history":[{"count":11,"href":"https:\/\/www.amt3.it\/de\/wp-json\/wp\/v2\/pages\/19647\/revisions"}],"predecessor-version":[{"id":21945,"href":"https:\/\/www.amt3.it\/de\/wp-json\/wp\/v2\/pages\/19647\/revisions\/21945"}],"wp:attachment":[{"href":"https:\/\/www.amt3.it\/de\/wp-json\/wp\/v2\/media?parent=19647"}],"curies":[{"name":"wp","href":"https:\/\/api.w.org\/{rel}","templated":true}]}}