{"id":19330,"date":"2024-02-05T12:47:01","date_gmt":"2024-02-05T11:47:01","guid":{"rendered":"https:\/\/www.amt3.it\/sportello-digitale\/"},"modified":"2024-07-25T08:58:26","modified_gmt":"2024-07-25T07:58:26","slug":"digitaler-schalter","status":"publish","type":"page","link":"https:\/\/www.amt3.it\/de\/digitaler-schalter\/","title":{"rendered":"Digitaler Schalter"},"content":{"rendered":"<div class=\"fusion-fullwidth fullwidth-box fusion-builder-row-1 fusion-flex-container has-pattern-background has-mask-background nonhundred-percent-fullwidth non-hundred-percent-height-scrolling\" style=\"--awb-border-radius-top-left:0px;--awb-border-radius-top-right:0px;--awb-border-radius-bottom-right:0px;--awb-border-radius-bottom-left:0px;--awb-margin-top-small:20px;--awb-flex-wrap:wrap;\" ><div class=\"fusion-builder-row fusion-row fusion-flex-align-items-flex-start fusion-flex-content-wrap\" style=\"max-width:1248px;margin-left: calc(-4% \/ 2 );margin-right: calc(-4% \/ 2 );\"><div class=\"fusion-layout-column fusion_builder_column fusion-builder-column-0 fusion_builder_column_1_1 1_1 fusion-flex-column\" style=\"--awb-padding-right:40px;--awb-padding-left:40px;--awb-padding-right-small:0px;--awb-padding-left-small:0px;--awb-bg-size:cover;--awb-width-large:100%;--awb-margin-top-large:0px;--awb-spacing-right-large:40px;--awb-margin-bottom-large:20px;--awb-spacing-left-large:40px;--awb-width-medium:100%;--awb-order-medium:0;--awb-spacing-right-medium:40px;--awb-spacing-left-medium:40px;--awb-width-small:100%;--awb-order-small:0;--awb-spacing-right-small:1.92%;--awb-spacing-left-small:1.92%;\" data-scroll-devices=\"small-visibility,medium-visibility,large-visibility\"><div class=\"fusion-column-wrapper fusion-column-has-shadow fusion-flex-justify-content-flex-start fusion-content-layout-column\"><div class=\"fusion-title title fusion-title-1 fusion-sep-none fusion-title-text fusion-title-size-one\" style=\"--awb-margin-top-small:10px;--awb-margin-right-small:0px;--awb-margin-bottom-small:10px;--awb-margin-left-small:0px;\"><h1 class=\"fusion-title-heading title-heading-left fusion-responsive-typography-calculated\" style=\"margin:0;--fontSize:60;line-height:var(--awb-typography1-line-height);\">Digitaler <span class=\"rosso\">Schalter<\/span><\/h1><\/div><div class=\"fusion-text fusion-text-1\"><p>Der <strong>digitale Schalter<\/strong> der AMT3 bietet den Stadtbewohnern die M\u00f6glichkeit, <strong>bestimmte Vorg\u00e4nge online<\/strong> zu erledigen und garantiert, dass der Antrag <strong>innerhalb von 2 Arbeitstagen<\/strong> nach Eingang bearbeitet wird. Die Bearbeitungszeit f\u00fcr einen Antrag auf <strong>Auskunft \u00fcber eine Geldbu\u00dfe<\/strong> betr\u00e4gt <strong>3 Arbeitstage<\/strong>.<\/p>\n<p>W\u00e4hlen Sie den <strong>verf\u00fcgbaren Dienst<\/strong> aus und reichen Sie Ihren Antrag direkt <strong>online<\/strong> ein. Sparen Sie Zeit, indem Sie den digitalen Schalter nutzen.<\/p>\n<\/div><\/div><\/div><div class=\"fusion-layout-column fusion_builder_column fusion-builder-column-1 fusion_builder_column_1_2 1_2 fusion-flex-column fusion-flex-align-self-stretch\" style=\"--awb-padding-top:50px;--awb-padding-right:30px;--awb-padding-bottom:50px;--awb-padding-left:30px;--awb-overflow:hidden;--awb-bg-color:var(--awb-color4);--awb-bg-color-hover:var(--awb-color4);--awb-bg-size:cover;--awb-border-radius:25px 25px 25px 25px;--awb-width-large:50%;--awb-margin-top-large:0px;--awb-spacing-right-large:3.84%;--awb-margin-bottom-large:20px;--awb-spacing-left-large:3.84%;--awb-width-medium:50%;--awb-order-medium:0;--awb-spacing-right-medium:3.84%;--awb-spacing-left-medium:3.84%;--awb-width-small:100%;--awb-order-small:0;--awb-spacing-right-small:1.92%;--awb-spacing-left-small:1.92%;\" data-scroll-devices=\"small-visibility,medium-visibility,large-visibility\"><div class=\"fusion-column-wrapper fusion-column-has-shadow fusion-flex-justify-content-center fusion-content-layout-column\"><div class=\"fusion-title title fusion-title-2 fusion-sep-none fusion-title-center fusion-title-text fusion-title-size-two\" style=\"--awb-text-color:var(--awb-color1);--awb-margin-bottom:20px;--awb-margin-top-small:10px;--awb-margin-right-small:0px;--awb-margin-bottom-small:20px;--awb-margin-left-small:0px;\"><h2 class=\"fusion-title-heading title-heading-center fusion-responsive-typography-calculated\" style=\"font-family:&quot;Montserrat&quot;;font-style:normal;font-weight:500;margin:0;--fontSize:36;line-height:var(--awb-typography1-line-height);\"><strong>Duplikate<\/strong> und <strong>Belege<\/strong><\/h2><\/div><div class=\"fusion-text fusion-text-2\" style=\"--awb-content-alignment:center;--awb-text-color:var(--awb-color1);\"><p>Beantragen Sie <strong>ein Duplikat des PASS ZTL BUS oder den Zahlungsbeleg<\/strong> f\u00fcr einen Parkplatz.<\/p>\n<\/div><div style=\"text-align:center;\"><a class=\"fusion-button button-flat fusion-button-default-size button-custom fusion-button-default button-1 fusion-button-default-span fusion-button-default-type\" style=\"--button_accent_color:var(--awb-color4);--button_border_color:var(--awb-color4);--button_accent_hover_color:var(--awb-color5);--button_border_hover_color:var(--awb-color5);--button_gradient_top_color:var(--awb-color2);--button_gradient_bottom_color:var(--awb-color2);--button_gradient_top_color_hover:var(--awb-color2);--button_gradient_bottom_color_hover:var(--awb-color2);--button_text_transform:uppercase;--button_font_size:16px;--button_typography-letter-spacing:0px;--button_margin-top:20px;\" target=\"_self\" href=\"https:\/\/www.amt3.it\/de\/digitaler-schalter\/antrag-auf-duplikat-des-pass-ztl-bus\/\"><span class=\"fusion-button-text awb-button__text awb-button__text--default\">DUPLIKAT PASS ZTL BUS BEANTRAGEN<\/span><i class=\"fa-arrow-right fas awb-button__icon awb-button__icon--default button-icon-right\" aria-hidden=\"true\"><\/i><\/a><\/div><div style=\"text-align:center;\"><a class=\"fusion-button button-flat fusion-button-default-size button-custom fusion-button-default button-2 fusion-button-default-span fusion-button-default-type\" style=\"--button_accent_color:var(--awb-color4);--button_border_color:var(--awb-color4);--button_accent_hover_color:var(--awb-color5);--button_border_hover_color:var(--awb-color5);--button_gradient_top_color:var(--awb-color2);--button_gradient_bottom_color:var(--awb-color2);--button_gradient_top_color_hover:var(--awb-color2);--button_gradient_bottom_color_hover:var(--awb-color2);--button_text_transform:uppercase;--button_font_size:16px;--button_typography-letter-spacing:0px;--button_margin-top:20px;\" target=\"_self\" href=\"https:\/\/www.amt3.it\/de\/digitaler-schalter\/zahlungsbeleg-anfordern\/\"><span class=\"fusion-button-text awb-button__text awb-button__text--default\">ZAHLUNGSBELEG BEANTRAGEN<\/span><i class=\"fa-arrow-right fas awb-button__icon awb-button__icon--default button-icon-right\" aria-hidden=\"true\"><\/i><\/a><\/div><\/div><\/div><div class=\"fusion-layout-column fusion_builder_column fusion-builder-column-2 fusion_builder_column_1_2 1_2 fusion-flex-column fusion-flex-align-self-stretch\" style=\"--awb-padding-top:50px;--awb-padding-right:30px;--awb-padding-bottom:50px;--awb-padding-left:30px;--awb-overflow:hidden;--awb-bg-color:var(--awb-color4);--awb-bg-color-hover:var(--awb-color4);--awb-bg-size:cover;--awb-border-radius:25px 25px 25px 25px;--awb-width-large:50%;--awb-margin-top-large:0px;--awb-spacing-right-large:3.84%;--awb-margin-bottom-large:20px;--awb-spacing-left-large:3.84%;--awb-width-medium:50%;--awb-order-medium:0;--awb-spacing-right-medium:3.84%;--awb-spacing-left-medium:3.84%;--awb-width-small:100%;--awb-order-small:0;--awb-spacing-right-small:1.92%;--awb-spacing-left-small:1.92%;\" data-scroll-devices=\"small-visibility,medium-visibility,large-visibility\"><div class=\"fusion-column-wrapper fusion-column-has-shadow fusion-flex-justify-content-center fusion-content-layout-column\"><div class=\"fusion-title title fusion-title-3 fusion-sep-none fusion-title-center fusion-title-text fusion-title-size-two\" style=\"--awb-text-color:var(--awb-color1);--awb-margin-bottom:20px;--awb-margin-top-small:10px;--awb-margin-right-small:0px;--awb-margin-bottom-small:20px;--awb-margin-left-small:0px;\"><h2 class=\"fusion-title-heading title-heading-center fusion-responsive-typography-calculated\" style=\"font-family:&quot;Montserrat&quot;;font-style:normal;font-weight:500;margin:0;--fontSize:36;line-height:var(--awb-typography1-line-height);\">Informationen zu einer <strong>Geldbu\u00dfe<\/strong> beantragen<\/h2><\/div><div class=\"fusion-text fusion-text-3\" style=\"--awb-content-alignment:center;--awb-text-color:var(--awb-color1);\"><p>Haben Sie <strong>einen Parkstrafzettel<\/strong> erhalten und m\u00f6chten Sie <strong>weitere Informationen dazu<\/strong>?<\/p>\n<\/div><div style=\"text-align:center;\"><a class=\"fusion-button button-flat fusion-button-default-size button-custom fusion-button-default button-3 fusion-button-default-span fusion-button-default-type\" style=\"--button_accent_color:var(--awb-color4);--button_border_color:var(--awb-color4);--button_accent_hover_color:var(--awb-color5);--button_border_hover_color:var(--awb-color5);--button_gradient_top_color:var(--awb-color2);--button_gradient_bottom_color:var(--awb-color2);--button_gradient_top_color_hover:var(--awb-color2);--button_gradient_bottom_color_hover:var(--awb-color2);--button_text_transform:uppercase;--button_font_size:16px;--button_typography-letter-spacing:0px;--button_margin-top:20px;\" target=\"_self\" href=\"https:\/\/www.amt3.it\/de\/digitaler-schalter\/informationen-zu-einer-geldbusse-beantragen-verona\/\"><span class=\"fusion-button-text awb-button__text awb-button__text--default\">INFORMATIONEN ZU GELDBUSSE BEANTRAGEN<\/span><i class=\"fa-arrow-right fas awb-button__icon awb-button__icon--default button-icon-right\" aria-hidden=\"true\"><\/i><\/a><\/div><\/div><\/div><\/div><\/div>\n","protected":false},"excerpt":{"rendered":"","protected":false},"author":1,"featured_media":0,"parent":0,"menu_order":0,"comment_status":"closed","ping_status":"closed","template":"","meta":{"_acf_changed":false,"footnotes":""},"class_list":["post-19330","page","type-page","status-publish","hentry"],"acf":[],"_links":{"self":[{"href":"https:\/\/www.amt3.it\/de\/wp-json\/wp\/v2\/pages\/19330","targetHints":{"allow":["GET"]}}],"collection":[{"href":"https:\/\/www.amt3.it\/de\/wp-json\/wp\/v2\/pages"}],"about":[{"href":"https:\/\/www.amt3.it\/de\/wp-json\/wp\/v2\/types\/page"}],"author":[{"embeddable":true,"href":"https:\/\/www.amt3.it\/de\/wp-json\/wp\/v2\/users\/1"}],"replies":[{"embeddable":true,"href":"https:\/\/www.amt3.it\/de\/wp-json\/wp\/v2\/comments?post=19330"}],"version-history":[{"count":9,"href":"https:\/\/www.amt3.it\/de\/wp-json\/wp\/v2\/pages\/19330\/revisions"}],"predecessor-version":[{"id":19351,"href":"https:\/\/www.amt3.it\/de\/wp-json\/wp\/v2\/pages\/19330\/revisions\/19351"}],"wp:attachment":[{"href":"https:\/\/www.amt3.it\/de\/wp-json\/wp\/v2\/media?parent=19330"}],"curies":[{"name":"wp","href":"https:\/\/api.w.org\/{rel}","templated":true}]}}